{"id":731,"date":"2018-08-29T19:02:19","date_gmt":"2018-08-29T22:02:19","guid":{"rendered":"https:\/\/isfd122-bue.infd.edu.ar\/sitio\/plan-de-estudios-2\/"},"modified":"2020-03-24T20:12:58","modified_gmt":"2020-03-24T23:12:58","slug":"plan-de-estudios-2","status":"publish","type":"page","link":"https:\/\/isfd122-bue.infd.edu.ar\/sitio\/plan-de-estudios-2\/","title":{"rendered":"Plan de estudios"},"content":{"rendered":"<p>Profesorado de Educaci\u00f3n Secundaria en\u00a0 Matem\u00e1tica.<\/p>\n<p>Profesorado de\u00a0 Educaci\u00f3n Secundaria Lengua y Literatura.<\/p>\n<p>Profesorado de Tercer Ciclo de la EGB y de la Educaci\u00f3n Polimodal en Matem\u00e1tica.<\/p>\n<p>Profesorado de Tercer Ciclo de la EGB y de la Educaci\u00f3n Polimodal en Lengua y Literatura.<\/p>\n<p>Profesorado de Tercer Ciclo de la EGB y de la Educaci\u00f3n Polimodal en Biolog\u00eda\u00a0 con Trayecto en Ciencias Naturales.<\/p>\n<p>Profesorado de Tercer Ciclo de la EGB y de la Educaci\u00f3n Polimodal en\u00a0 F\u00edsica\u00a0 con Trayecto en Ciencias Naturales.<\/p>\n<p>Profesorado de Tercer Ciclo de la EGB y de la Educaci\u00f3n Polimodal en\u00a0 Qu\u00edmica con Trayecto en Ciencias Naturales.<\/p>\n<p>Profesorado de Tercer Ciclo de la EGB y de la Educaci\u00f3n Polimodal en Geograf\u00eda con Trayecto en Ciencias Sociales.<\/p>\n<p>Profesorado de Tercer Ciclo de la EGB y de la Educaci\u00f3n Polimodal en Historia o Qu\u00edmica con Trayecto en Ciencias Sociales.<\/p>\n<p>Tramo de Formaci\u00f3n Pedag\u00f3gica para Profesionales, T\u00e9cnicos Superiores y T\u00e9cnicos de Nivel Medio.<\/p>\n","protected":false},"excerpt":{"rendered":"<p>Profesorado de Educaci\u00f3n Secundaria en\u00a0 Matem\u00e1tica. Profesorado de\u00a0 Educaci\u00f3n Secundaria Lengua y Literatura. Profesorado de Tercer Ciclo de la EGB y de la Educaci\u00f3n Polimodal en Matem\u00e1tica. Profesorado de Tercer Ciclo de la EGB y de la Educaci\u00f3n Polimodal en Lengua y Literatura. Profesorado de Tercer Ciclo de la EGB y de la Educaci\u00f3n Polimodal &#8230; <a title=\"Plan de estudios\" class=\"read-more\" href=\"https:\/\/isfd122-bue.infd.edu.ar\/sitio\/plan-de-estudios-2\/\" aria-label=\"More on Plan de estudios\">[+]<\/a><\/p>\n","protected":false},"author":12,"featured_media":0,"parent":0,"menu_order":0,"comment_status":"closed","ping_status":"closed","template":"","meta":[],"acf":[],"_links":{"self":[{"href":"https:\/\/isfd122-bue.infd.edu.ar\/sitio\/wp-json\/wp\/v2\/pages\/731"}],"collection":[{"href":"https:\/\/isfd122-bue.infd.edu.ar\/sitio\/wp-json\/wp\/v2\/pages"}],"about":[{"href":"https:\/\/isfd122-bue.infd.edu.ar\/sitio\/wp-json\/wp\/v2\/types\/page"}],"author":[{"embeddable":true,"href":"https:\/\/isfd122-bue.infd.edu.ar\/sitio\/wp-json\/wp\/v2\/users\/12"}],"replies":[{"embeddable":true,"href":"https:\/\/isfd122-bue.infd.edu.ar\/sitio\/wp-json\/wp\/v2\/comments?post=731"}],"version-history":[{"count":1,"href":"https:\/\/isfd122-bue.infd.edu.ar\/sitio\/wp-json\/wp\/v2\/pages\/731\/revisions"}],"predecessor-version":[{"id":752,"href":"https:\/\/isfd122-bue.infd.edu.ar\/sitio\/wp-json\/wp\/v2\/pages\/731\/revisions\/752"}],"wp:attachment":[{"href":"https:\/\/isfd122-bue.infd.edu.ar\/sitio\/wp-json\/wp\/v2\/media?parent=731"}],"curies":[{"name":"wp","href":"https:\/\/api.w.org\/{rel}","templated":true}]}}